{"id":63771,"date":"2025-07-03T10:33:13","date_gmt":"2025-07-03T08:33:13","guid":{"rendered":"https:\/\/atlantics.de\/impressum\/"},"modified":"2026-03-13T14:32:07","modified_gmt":"2026-03-13T13:32:07","slug":"impressum","status":"publish","type":"page","link":"https:\/\/atlantics.de\/sv\/impressum\/","title":{"rendered":"Impressum"},"content":{"rendered":"\t\t<div data-elementor-type=\"wp-page\" data-elementor-id=\"63771\" class=\"elementor elementor-63771 elementor-16\" data-elementor-post-type=\"page\">\n\t\t\t\t<div class=\"elementor-element elementor-element-2d46d6c e-flex e-con-boxed e-con e-parent\" data-id=\"2d46d6c\" data-element_type=\"container\" data-e-type=\"container\" data-settings=\"{&quot;background_background&quot;:&quot;classic&quot;}\">\n\t\t\t\t\t<div class=\"e-con-inner\">\n\t\t\t\t<div class=\"elementor-element elementor-element-5c548d7 elementor-widget elementor-widget-heading\" data-id=\"5c548d7\" data-element_type=\"widget\" data-e-type=\"widget\" data-widget_type=\"heading.default\">\n\t\t\t\t\t<h1 class=\"elementor-heading-title elementor-size-default\">Impressum<\/h1>\t\t\t\t<\/div>\n\t\t\t\t\t<\/div>\n\t\t\t\t<\/div>\n\t\t<div class=\"elementor-element elementor-element-948c310 e-grid e-con-boxed e-con e-parent\" data-id=\"948c310\" data-element_type=\"container\" data-e-type=\"container\">\n\t\t\t\t\t<div class=\"e-con-inner\">\n\t\t<div class=\"elementor-element elementor-element-be10f47 e-con-full e-flex e-con e-child\" data-id=\"be10f47\" data-element_type=\"container\" data-e-type=\"container\">\n\t\t\t\t<div class=\"elementor-element elementor-element-8ce7446 elementor-widget elementor-widget-heading\" data-id=\"8ce7446\" data-element_type=\"widget\" data-e-type=\"widget\" data-widget_type=\"heading.default\">\n\t\t\t\t\t<h2 class=\"elementor-heading-title elementor-size-default\">Adress<\/h2>\t\t\t\t<\/div>\n\t\t\t\t<div class=\"elementor-element elementor-element-8178243 elementor-widget elementor-widget-text-editor\" data-id=\"8178243\" data-element_type=\"widget\" data-e-type=\"widget\" data-widget_type=\"text-editor.default\">\n\t\t\t\t\t\t\t\t\t<p>atlantics GmbH<br>Dresdner Stra\u00dfe 30<br>04720 D\u00f6beln<\/p><p>+49 (0) 3431 60 66 0<br>info@atlantics.de<br>www.atlantics.de<\/p>\t\t\t\t\t\t\t\t<\/div>\n\t\t\t\t<\/div>\n\t\t<div class=\"elementor-element elementor-element-52b904b e-con-full e-flex e-con e-child\" data-id=\"52b904b\" data-element_type=\"container\" data-e-type=\"container\">\n\t\t\t\t<div class=\"elementor-element elementor-element-0383b77 elementor-widget elementor-widget-heading\" data-id=\"0383b77\" data-element_type=\"widget\" data-e-type=\"widget\" data-widget_type=\"heading.default\">\n\t\t\t\t\t<h2 class=\"elementor-heading-title elementor-size-default\">Verkst\u00e4llande direkt\u00f6r<\/h2>\t\t\t\t<\/div>\n\t\t\t\t<div class=\"elementor-element elementor-element-430b514 elementor-widget elementor-widget-text-editor\" data-id=\"430b514\" data-element_type=\"widget\" data-e-type=\"widget\" data-widget_type=\"text-editor.default\">\n\t\t\t\t\t\t\t\t\t<p>Thomas B\u00fcchel<\/p>\t\t\t\t\t\t\t\t<\/div>\n\t\t\t\t<div class=\"elementor-element elementor-element-ae591e3 elementor-widget elementor-widget-spacer\" data-id=\"ae591e3\" data-element_type=\"widget\" data-e-type=\"widget\" data-widget_type=\"spacer.default\">\n\t\t\t\t\t\t\t<div class=\"elementor-spacer\">\n\t\t\t<div class=\"elementor-spacer-inner\"><\/div>\n\t\t<\/div>\n\t\t\t\t\t\t<\/div>\n\t\t\t\t<div class=\"elementor-element elementor-element-2ddf35f elementor-widget elementor-widget-heading\" data-id=\"2ddf35f\" data-element_type=\"widget\" data-e-type=\"widget\" data-widget_type=\"heading.default\">\n\t\t\t\t\t<h2 class=\"elementor-heading-title elementor-size-default\">Redaktionellt ansvarig<\/h2>\t\t\t\t<\/div>\n\t\t\t\t<div class=\"elementor-element elementor-element-7880c52 elementor-widget elementor-widget-text-editor\" data-id=\"7880c52\" data-element_type=\"widget\" data-e-type=\"widget\" data-widget_type=\"text-editor.default\">\n\t\t\t\t\t\t\t\t\t<p>Thomas B\u00fcchel<\/p>\t\t\t\t\t\t\t\t<\/div>\n\t\t\t\t<div class=\"elementor-element elementor-element-02eca82 elementor-widget elementor-widget-spacer\" data-id=\"02eca82\" data-element_type=\"widget\" data-e-type=\"widget\" data-widget_type=\"spacer.default\">\n\t\t\t\t\t\t\t<div class=\"elementor-spacer\">\n\t\t\t<div class=\"elementor-spacer-inner\"><\/div>\n\t\t<\/div>\n\t\t\t\t\t\t<\/div>\n\t\t\t\t<div class=\"elementor-element elementor-element-df3957d elementor-widget elementor-widget-heading\" data-id=\"df3957d\" data-element_type=\"widget\" data-e-type=\"widget\" data-widget_type=\"heading.default\">\n\t\t\t\t\t<h2 class=\"elementor-heading-title elementor-size-default\">Registreringsdomstol och nummer<\/h2>\t\t\t\t<\/div>\n\t\t\t\t<div class=\"elementor-element elementor-element-b572d2a elementor-widget elementor-widget-text-editor\" data-id=\"b572d2a\" data-element_type=\"widget\" data-e-type=\"widget\" data-widget_type=\"text-editor.default\">\n\t\t\t\t\t\t\t\t\t<p>Amtsgericht Chemnitz<br>HRB 118862<\/p>\t\t\t\t\t\t\t\t<\/div>\n\t\t\t\t<div class=\"elementor-element elementor-element-f59b22d elementor-widget elementor-widget-spacer\" data-id=\"f59b22d\" data-element_type=\"widget\" data-e-type=\"widget\" data-widget_type=\"spacer.default\">\n\t\t\t\t\t\t\t<div class=\"elementor-spacer\">\n\t\t\t<div class=\"elementor-spacer-inner\"><\/div>\n\t\t<\/div>\n\t\t\t\t\t\t<\/div>\n\t\t\t\t<div class=\"elementor-element elementor-element-3de0e61 elementor-widget elementor-widget-heading\" data-id=\"3de0e61\" data-element_type=\"widget\" data-e-type=\"widget\" data-widget_type=\"heading.default\">\n\t\t\t\t\t<h2 class=\"elementor-heading-title elementor-size-default\">Momsregistreringsnummer enligt \u00a7 27 a i den tyska merv\u00e4rdesskattelagen<\/h2>\t\t\t\t<\/div>\n\t\t\t\t<div class=\"elementor-element elementor-element-60231f0 elementor-widget elementor-widget-text-editor\" data-id=\"60231f0\" data-element_type=\"widget\" data-e-type=\"widget\" data-widget_type=\"text-editor.default\">\n\t\t\t\t\t\t\t\t\t<p>DE 222 684 141<\/p>\t\t\t\t\t\t\t\t<\/div>\n\t\t\t\t<div class=\"elementor-element elementor-element-4dd0714 elementor-widget elementor-widget-spacer\" data-id=\"4dd0714\" data-element_type=\"widget\" data-e-type=\"widget\" data-widget_type=\"spacer.default\">\n\t\t\t\t\t\t\t<div class=\"elementor-spacer\">\n\t\t\t<div class=\"elementor-spacer-inner\"><\/div>\n\t\t<\/div>\n\t\t\t\t\t\t<\/div>\n\t\t\t\t<div class=\"elementor-element elementor-element-dc372c0 elementor-widget elementor-widget-heading\" data-id=\"dc372c0\" data-element_type=\"widget\" data-e-type=\"widget\" data-widget_type=\"heading.default\">\n\t\t\t\t\t<h2 class=\"elementor-heading-title elementor-size-default\">Ansvarsfriskrivning<\/h2>\t\t\t\t<\/div>\n\t\t\t\t<div class=\"elementor-element elementor-element-b4a2d7c elementor-widget elementor-widget-text-editor\" data-id=\"b4a2d7c\" data-element_type=\"widget\" data-e-type=\"widget\" data-widget_type=\"text-editor.default\">\n\t\t\t\t\t\t\t\t\t<p>Trots noggrann kontroll av inneh\u00e5llet tar vi inget ansvar f\u00f6r inneh\u00e5llet i externa l\u00e4nkar. F\u00f6r inneh\u00e5llet p\u00e5 de l\u00e4nkade sidorna ansvarar uteslutande deras operat\u00f6rer. <\/p>\t\t\t\t\t\t\t\t<\/div>\n\t\t\t\t<div class=\"elementor-element elementor-element-f357a85 elementor-widget elementor-widget-spacer\" data-id=\"f357a85\" data-element_type=\"widget\" data-e-type=\"widget\" data-widget_type=\"spacer.default\">\n\t\t\t\t\t\t\t<div class=\"elementor-spacer\">\n\t\t\t<div class=\"elementor-spacer-inner\"><\/div>\n\t\t<\/div>\n\t\t\t\t\t\t<\/div>\n\t\t\t\t<div class=\"elementor-element elementor-element-345d5e2 elementor-widget elementor-widget-heading\" data-id=\"345d5e2\" data-element_type=\"widget\" data-e-type=\"widget\" data-widget_type=\"heading.default\">\n\t\t\t\t\t<h2 class=\"elementor-heading-title elementor-size-default\">\u00a9 Copyright<\/h2>\t\t\t\t<\/div>\n\t\t\t\t<div class=\"elementor-element elementor-element-e889786 elementor-widget elementor-widget-text-editor\" data-id=\"e889786\" data-element_type=\"widget\" data-e-type=\"widget\" data-widget_type=\"text-editor.default\">\n\t\t\t\t\t\t\t\t\t<p>Text och bildmaterial av atlantics GmbH. Otill\u00e5ten anv\u00e4ndning av texter, bilder eller annat inneh\u00e5ll p\u00e5 denna webbplats \u00e4r inte till\u00e5ten. <\/p>\t\t\t\t\t\t\t\t<\/div>\n\t\t\t\t<\/div>\n\t\t<div class=\"elementor-element elementor-element-ac43a12 e-con-full e-flex e-con e-child\" data-id=\"ac43a12\" data-element_type=\"container\" data-e-type=\"container\">\n\t\t\t\t<div class=\"elementor-element elementor-element-33c23df elementor-widget elementor-widget-heading\" data-id=\"33c23df\" data-element_type=\"widget\" data-e-type=\"widget\" data-widget_type=\"heading.default\">\n\t\t\t\t\t<h2 class=\"elementor-heading-title elementor-size-default\">Tvistl\u00f6sning f\u00f6r konsumenter \/ Allm\u00e4nna reklamationsn\u00e4mnden<\/h2>\t\t\t\t<\/div>\n\t\t\t\t<div class=\"elementor-element elementor-element-57dc9af elementor-widget elementor-widget-text-editor\" data-id=\"57dc9af\" data-element_type=\"widget\" data-e-type=\"widget\" data-widget_type=\"text-editor.default\">\n\t\t\t\t\t\t\t\t\t<p>Vi \u00e4r inte villiga eller skyldiga att delta i tvistl\u00f6sningsf\u00f6rfaranden inf\u00f6r en konsumentn\u00e4mnd.<\/p>\t\t\t\t\t\t\t\t<\/div>\n\t\t\t\t<div class=\"elementor-element elementor-element-a665769 elementor-widget elementor-widget-spacer\" data-id=\"a665769\" data-element_type=\"widget\" data-e-type=\"widget\" data-widget_type=\"spacer.default\">\n\t\t\t\t\t\t\t<div class=\"elementor-spacer\">\n\t\t\t<div class=\"elementor-spacer-inner\"><\/div>\n\t\t<\/div>\n\t\t\t\t\t\t<\/div>\n\t\t\t\t<div class=\"elementor-element elementor-element-d4f61c8 elementor-widget elementor-widget-heading\" data-id=\"d4f61c8\" data-element_type=\"widget\" data-e-type=\"widget\" data-widget_type=\"heading.default\">\n\t\t\t\t\t<h2 class=\"elementor-heading-title elementor-size-default\">Design &amp; genomf\u00f6rande<\/h2>\t\t\t\t<\/div>\n\t\t\t\t<div class=\"elementor-element elementor-element-cb23274 elementor-widget elementor-widget-text-editor\" data-id=\"cb23274\" data-element_type=\"widget\" data-e-type=\"widget\" data-widget_type=\"text-editor.default\">\n\t\t\t\t\t\t\t\t\t<p><a href=\"https:\/\/art-arminum.de\" target=\"_blank\" rel=\"noopener noreferrer nofollow\">Art Arminum GmbH<\/a><\/p>\t\t\t\t\t\t\t\t<\/div>\n\t\t\t\t<div class=\"elementor-element elementor-element-1868941 elementor-widget elementor-widget-spacer\" data-id=\"1868941\" data-element_type=\"widget\" data-e-type=\"widget\" data-widget_type=\"spacer.default\">\n\t\t\t\t\t\t\t<div class=\"elementor-spacer\">\n\t\t\t<div class=\"elementor-spacer-inner\"><\/div>\n\t\t<\/div>\n\t\t\t\t\t\t<\/div>\n\t\t\t\t<div class=\"elementor-element elementor-element-98e3635 elementor-widget elementor-widget-text-editor\" data-id=\"98e3635\" data-element_type=\"widget\" data-e-type=\"widget\" data-widget_type=\"text-editor.default\">\n\t\t\t\t\t\t\t\t\t<p>Alla uppgifter l\u00e4mnas utan garanti. Med reservation f\u00f6r fel. <\/p>\t\t\t\t\t\t\t\t<\/div>\n\t\t\t\t<\/div>\n\t\t\t\t\t<\/div>\n\t\t\t\t<\/div>\n\t\t\t\t<\/div>\n\t\t","protected":false},"excerpt":{"rendered":"<p>Impressum Adress atlantics GmbHDresdner Stra\u00dfe 3004720 D\u00f6beln +49 (0) 3431 60 66 0info@atlantics.dewww.atlantics.de Verkst\u00e4llande direkt\u00f6r Thomas B\u00fcchel Redaktionellt ansvarig Thomas B\u00fcchel Registreringsdomstol och nummer Amtsgericht ChemnitzHRB 118862 Momsregistreringsnummer enligt \u00a7 27 a i den tyska merv\u00e4rdesskattelagen DE 222 684 141 Ansvarsfriskrivning Trots noggrann kontroll av inneh\u00e5llet tar vi inget ansvar f\u00f6r inneh\u00e5llet i externa l\u00e4nkar. [&hellip;]<\/p>\n","protected":false},"author":1,"featured_media":63773,"parent":0,"menu_order":98,"comment_status":"closed","ping_status":"closed","template":"","meta":{"_acf_changed":false,"footnotes":""},"class_list":["post-63771","page","type-page","status-publish","has-post-thumbnail","hentry"],"acf":[],"yoast_head":"<!-- This site is optimized with the Yoast SEO plugin v27.3 - https:\/\/yoast.com\/product\/yoast-seo-wordpress\/ -->\n<title>Impressum - atlantics<\/title>\n<meta name=\"description\" content=\"All juridisk information om atlantics GmbH samt kontaktuppgifter hittar ni i v\u00e5rt impressum.\" \/>\n<meta name=\"robots\" content=\"index, follow, max-snippet:-1, max-image-preview:large, max-video-preview:-1\" \/>\n<link rel=\"canonical\" href=\"https:\/\/atlantics.de\/sv\/impressum\/\" \/>\n<meta property=\"og:locale\" content=\"sv_SE\" \/>\n<meta property=\"og:type\" content=\"article\" \/>\n<meta property=\"og:title\" content=\"Impressum - atlantics\" \/>\n<meta property=\"og:description\" content=\"All juridisk information om atlantics GmbH samt kontaktuppgifter hittar ni i v\u00e5rt impressum.\" \/>\n<meta property=\"og:url\" content=\"https:\/\/atlantics.de\/sv\/impressum\/\" \/>\n<meta property=\"og:site_name\" content=\"atlantics\" \/>\n<meta property=\"article:modified_time\" content=\"2026-03-13T13:32:07+00:00\" \/>\n<meta property=\"og:image\" content=\"https:\/\/atlantics.de\/wp-content\/uploads\/2025\/09\/Impressum-edelstahl-scaled.jpg\" \/>\n\t<meta property=\"og:image:width\" content=\"2560\" \/>\n\t<meta property=\"og:image:height\" content=\"847\" \/>\n\t<meta property=\"og:image:type\" content=\"image\/jpeg\" \/>\n<meta name=\"twitter:card\" content=\"summary_large_image\" \/>\n<meta name=\"twitter:label1\" content=\"Ber\u00e4knad l\u00e4stid\" \/>\n\t<meta name=\"twitter:data1\" content=\"1 minut\" \/>\n<script type=\"application\/ld+json\" class=\"yoast-schema-graph\">{\"@context\":\"https:\\\/\\\/schema.org\",\"@graph\":[{\"@type\":\"WebPage\",\"@id\":\"https:\\\/\\\/atlantics.de\\\/sv\\\/impressum\\\/\",\"url\":\"https:\\\/\\\/atlantics.de\\\/sv\\\/impressum\\\/\",\"name\":\"Impressum - atlantics\",\"isPartOf\":{\"@id\":\"https:\\\/\\\/atlantics.de\\\/sv\\\/#website\"},\"primaryImageOfPage\":{\"@id\":\"https:\\\/\\\/atlantics.de\\\/sv\\\/impressum\\\/#primaryimage\"},\"image\":{\"@id\":\"https:\\\/\\\/atlantics.de\\\/sv\\\/impressum\\\/#primaryimage\"},\"thumbnailUrl\":\"https:\\\/\\\/atlantics.de\\\/wp-content\\\/uploads\\\/2025\\\/09\\\/Impressum-edelstahl-scaled.jpg\",\"datePublished\":\"2025-07-03T08:33:13+00:00\",\"dateModified\":\"2026-03-13T13:32:07+00:00\",\"description\":\"All juridisk information om atlantics GmbH samt kontaktuppgifter hittar ni i v\u00e5rt impressum.\",\"breadcrumb\":{\"@id\":\"https:\\\/\\\/atlantics.de\\\/sv\\\/impressum\\\/#breadcrumb\"},\"inLanguage\":\"sv-SE\",\"potentialAction\":[{\"@type\":\"ReadAction\",\"target\":[\"https:\\\/\\\/atlantics.de\\\/sv\\\/impressum\\\/\"]}]},{\"@type\":\"ImageObject\",\"inLanguage\":\"sv-SE\",\"@id\":\"https:\\\/\\\/atlantics.de\\\/sv\\\/impressum\\\/#primaryimage\",\"url\":\"https:\\\/\\\/atlantics.de\\\/wp-content\\\/uploads\\\/2025\\\/09\\\/Impressum-edelstahl-scaled.jpg\",\"contentUrl\":\"https:\\\/\\\/atlantics.de\\\/wp-content\\\/uploads\\\/2025\\\/09\\\/Impressum-edelstahl-scaled.jpg\",\"width\":2560,\"height\":847},{\"@type\":\"BreadcrumbList\",\"@id\":\"https:\\\/\\\/atlantics.de\\\/sv\\\/impressum\\\/#breadcrumb\",\"itemListElement\":[{\"@type\":\"ListItem\",\"position\":1,\"name\":\"Startseite\",\"item\":\"https:\\\/\\\/atlantics.de\\\/sv\\\/startsida\\\/\"},{\"@type\":\"ListItem\",\"position\":2,\"name\":\"Impressum\"}]},{\"@type\":\"WebSite\",\"@id\":\"https:\\\/\\\/atlantics.de\\\/sv\\\/#website\",\"url\":\"https:\\\/\\\/atlantics.de\\\/sv\\\/\",\"name\":\"atlantics\",\"description\":\"Manufaktur f\u00fcr Edelstahlrutschen\",\"potentialAction\":[{\"@type\":\"SearchAction\",\"target\":{\"@type\":\"EntryPoint\",\"urlTemplate\":\"https:\\\/\\\/atlantics.de\\\/sv\\\/?s={search_term_string}\"},\"query-input\":{\"@type\":\"PropertyValueSpecification\",\"valueRequired\":true,\"valueName\":\"search_term_string\"}}],\"inLanguage\":\"sv-SE\"}]}<\/script>\n<!-- \/ Yoast SEO plugin. -->","yoast_head_json":{"title":"Impressum - atlantics","description":"All juridisk information om atlantics GmbH samt kontaktuppgifter hittar ni i v\u00e5rt impressum.","robots":{"index":"index","follow":"follow","max-snippet":"max-snippet:-1","max-image-preview":"max-image-preview:large","max-video-preview":"max-video-preview:-1"},"canonical":"https:\/\/atlantics.de\/sv\/impressum\/","og_locale":"sv_SE","og_type":"article","og_title":"Impressum - atlantics","og_description":"All juridisk information om atlantics GmbH samt kontaktuppgifter hittar ni i v\u00e5rt impressum.","og_url":"https:\/\/atlantics.de\/sv\/impressum\/","og_site_name":"atlantics","article_modified_time":"2026-03-13T13:32:07+00:00","og_image":[{"width":2560,"height":847,"url":"https:\/\/atlantics.de\/wp-content\/uploads\/2025\/09\/Impressum-edelstahl-scaled.jpg","type":"image\/jpeg"}],"twitter_card":"summary_large_image","twitter_misc":{"Ber\u00e4knad l\u00e4stid":"1 minut"},"schema":{"@context":"https:\/\/schema.org","@graph":[{"@type":"WebPage","@id":"https:\/\/atlantics.de\/sv\/impressum\/","url":"https:\/\/atlantics.de\/sv\/impressum\/","name":"Impressum - atlantics","isPartOf":{"@id":"https:\/\/atlantics.de\/sv\/#website"},"primaryImageOfPage":{"@id":"https:\/\/atlantics.de\/sv\/impressum\/#primaryimage"},"image":{"@id":"https:\/\/atlantics.de\/sv\/impressum\/#primaryimage"},"thumbnailUrl":"https:\/\/atlantics.de\/wp-content\/uploads\/2025\/09\/Impressum-edelstahl-scaled.jpg","datePublished":"2025-07-03T08:33:13+00:00","dateModified":"2026-03-13T13:32:07+00:00","description":"All juridisk information om atlantics GmbH samt kontaktuppgifter hittar ni i v\u00e5rt impressum.","breadcrumb":{"@id":"https:\/\/atlantics.de\/sv\/impressum\/#breadcrumb"},"inLanguage":"sv-SE","potentialAction":[{"@type":"ReadAction","target":["https:\/\/atlantics.de\/sv\/impressum\/"]}]},{"@type":"ImageObject","inLanguage":"sv-SE","@id":"https:\/\/atlantics.de\/sv\/impressum\/#primaryimage","url":"https:\/\/atlantics.de\/wp-content\/uploads\/2025\/09\/Impressum-edelstahl-scaled.jpg","contentUrl":"https:\/\/atlantics.de\/wp-content\/uploads\/2025\/09\/Impressum-edelstahl-scaled.jpg","width":2560,"height":847},{"@type":"BreadcrumbList","@id":"https:\/\/atlantics.de\/sv\/impressum\/#breadcrumb","itemListElement":[{"@type":"ListItem","position":1,"name":"Startseite","item":"https:\/\/atlantics.de\/sv\/startsida\/"},{"@type":"ListItem","position":2,"name":"Impressum"}]},{"@type":"WebSite","@id":"https:\/\/atlantics.de\/sv\/#website","url":"https:\/\/atlantics.de\/sv\/","name":"atlantics","description":"Manufaktur f\u00fcr Edelstahlrutschen","potentialAction":[{"@type":"SearchAction","target":{"@type":"EntryPoint","urlTemplate":"https:\/\/atlantics.de\/sv\/?s={search_term_string}"},"query-input":{"@type":"PropertyValueSpecification","valueRequired":true,"valueName":"search_term_string"}}],"inLanguage":"sv-SE"}]}},"_links":{"self":[{"href":"https:\/\/atlantics.de\/sv\/wp-json\/wp\/v2\/pages\/63771","targetHints":{"allow":["GET"]}}],"collection":[{"href":"https:\/\/atlantics.de\/sv\/wp-json\/wp\/v2\/pages"}],"about":[{"href":"https:\/\/atlantics.de\/sv\/wp-json\/wp\/v2\/types\/page"}],"author":[{"embeddable":true,"href":"https:\/\/atlantics.de\/sv\/wp-json\/wp\/v2\/users\/1"}],"replies":[{"embeddable":true,"href":"https:\/\/atlantics.de\/sv\/wp-json\/wp\/v2\/comments?post=63771"}],"version-history":[{"count":0,"href":"https:\/\/atlantics.de\/sv\/wp-json\/wp\/v2\/pages\/63771\/revisions"}],"wp:featuredmedia":[{"embeddable":true,"href":"https:\/\/atlantics.de\/sv\/wp-json\/wp\/v2\/media\/63773"}],"wp:attachment":[{"href":"https:\/\/atlantics.de\/sv\/wp-json\/wp\/v2\/media?parent=63771"}],"curies":[{"name":"wp","href":"https:\/\/api.w.org\/{rel}","templated":true}]}}