{"id":63775,"date":"2025-07-03T10:33:13","date_gmt":"2025-07-03T08:33:13","guid":{"rendered":"https:\/\/atlantics.de\/ficha-tecnica\/"},"modified":"2026-03-13T14:32:07","modified_gmt":"2026-03-13T13:32:07","slug":"ficha-tecnica","status":"publish","type":"page","link":"https:\/\/atlantics.de\/pt-pt\/ficha-tecnica\/","title":{"rendered":"Ficha t\u00e9cnica"},"content":{"rendered":"\t\t<div data-elementor-type=\"wp-page\" data-elementor-id=\"63775\" class=\"elementor elementor-63775 elementor-16\" data-elementor-post-type=\"page\">\n\t\t\t\t<div class=\"elementor-element elementor-element-2d46d6c e-flex e-con-boxed e-con e-parent\" data-id=\"2d46d6c\" data-element_type=\"container\" data-e-type=\"container\" data-settings=\"{&quot;background_background&quot;:&quot;classic&quot;}\">\n\t\t\t\t\t<div class=\"e-con-inner\">\n\t\t\t\t<div class=\"elementor-element elementor-element-5c548d7 elementor-widget elementor-widget-heading\" data-id=\"5c548d7\" data-element_type=\"widget\" data-e-type=\"widget\" data-widget_type=\"heading.default\">\n\t\t\t\t\t<h1 class=\"elementor-heading-title elementor-size-default\">Ficha t\u00e9cnica<\/h1>\t\t\t\t<\/div>\n\t\t\t\t\t<\/div>\n\t\t\t\t<\/div>\n\t\t<div class=\"elementor-element elementor-element-948c310 e-grid e-con-boxed e-con e-parent\" data-id=\"948c310\" data-element_type=\"container\" data-e-type=\"container\">\n\t\t\t\t\t<div class=\"e-con-inner\">\n\t\t<div class=\"elementor-element elementor-element-be10f47 e-con-full e-flex e-con e-child\" data-id=\"be10f47\" data-element_type=\"container\" data-e-type=\"container\">\n\t\t\t\t<div class=\"elementor-element elementor-element-8ce7446 elementor-widget elementor-widget-heading\" data-id=\"8ce7446\" data-element_type=\"widget\" data-e-type=\"widget\" data-widget_type=\"heading.default\">\n\t\t\t\t\t<h2 class=\"elementor-heading-title elementor-size-default\">Morada<\/h2>\t\t\t\t<\/div>\n\t\t\t\t<div class=\"elementor-element elementor-element-8178243 elementor-widget elementor-widget-text-editor\" data-id=\"8178243\" data-element_type=\"widget\" data-e-type=\"widget\" data-widget_type=\"text-editor.default\">\n\t\t\t\t\t\t\t\t\t<p>atlantics GmbH<br>Dresdner Stra\u00dfe 30<br>04720 D\u00f6beln<\/p><p>+49 (0) 3431 60 66 0<br>info@atlantics.de<br>www.atlantics.de<\/p>\t\t\t\t\t\t\t\t<\/div>\n\t\t\t\t<\/div>\n\t\t<div class=\"elementor-element elementor-element-52b904b e-con-full e-flex e-con e-child\" data-id=\"52b904b\" data-element_type=\"container\" data-e-type=\"container\">\n\t\t\t\t<div class=\"elementor-element elementor-element-0383b77 elementor-widget elementor-widget-heading\" data-id=\"0383b77\" data-element_type=\"widget\" data-e-type=\"widget\" data-widget_type=\"heading.default\">\n\t\t\t\t\t<h2 class=\"elementor-heading-title elementor-size-default\">Diretor-geral com poderes de representa\u00e7\u00e3o<\/h2>\t\t\t\t<\/div>\n\t\t\t\t<div class=\"elementor-element elementor-element-430b514 elementor-widget elementor-widget-text-editor\" data-id=\"430b514\" data-element_type=\"widget\" data-e-type=\"widget\" data-widget_type=\"text-editor.default\">\n\t\t\t\t\t\t\t\t\t<p>Thomas B\u00fcchel<\/p>\t\t\t\t\t\t\t\t<\/div>\n\t\t\t\t<div class=\"elementor-element elementor-element-ae591e3 elementor-widget elementor-widget-spacer\" data-id=\"ae591e3\" data-element_type=\"widget\" data-e-type=\"widget\" data-widget_type=\"spacer.default\">\n\t\t\t\t\t\t\t<div class=\"elementor-spacer\">\n\t\t\t<div class=\"elementor-spacer-inner\"><\/div>\n\t\t<\/div>\n\t\t\t\t\t\t<\/div>\n\t\t\t\t<div class=\"elementor-element elementor-element-2ddf35f elementor-widget elementor-widget-heading\" data-id=\"2ddf35f\" data-element_type=\"widget\" data-e-type=\"widget\" data-widget_type=\"heading.default\">\n\t\t\t\t\t<h2 class=\"elementor-heading-title elementor-size-default\">Respons\u00e1vel editorial<\/h2>\t\t\t\t<\/div>\n\t\t\t\t<div class=\"elementor-element elementor-element-7880c52 elementor-widget elementor-widget-text-editor\" data-id=\"7880c52\" data-element_type=\"widget\" data-e-type=\"widget\" data-widget_type=\"text-editor.default\">\n\t\t\t\t\t\t\t\t\t<p>Thomas B\u00fcchel<\/p>\t\t\t\t\t\t\t\t<\/div>\n\t\t\t\t<div class=\"elementor-element elementor-element-02eca82 elementor-widget elementor-widget-spacer\" data-id=\"02eca82\" data-element_type=\"widget\" data-e-type=\"widget\" data-widget_type=\"spacer.default\">\n\t\t\t\t\t\t\t<div class=\"elementor-spacer\">\n\t\t\t<div class=\"elementor-spacer-inner\"><\/div>\n\t\t<\/div>\n\t\t\t\t\t\t<\/div>\n\t\t\t\t<div class=\"elementor-element elementor-element-df3957d elementor-widget elementor-widget-heading\" data-id=\"df3957d\" data-element_type=\"widget\" data-e-type=\"widget\" data-widget_type=\"heading.default\">\n\t\t\t\t\t<h2 class=\"elementor-heading-title elementor-size-default\">Tribunal de registo e n\u00famero<\/h2>\t\t\t\t<\/div>\n\t\t\t\t<div class=\"elementor-element elementor-element-b572d2a elementor-widget elementor-widget-text-editor\" data-id=\"b572d2a\" data-element_type=\"widget\" data-e-type=\"widget\" data-widget_type=\"text-editor.default\">\n\t\t\t\t\t\t\t\t\t<p>Amtsgericht Chemnitz<br>HRB 118862<\/p>\t\t\t\t\t\t\t\t<\/div>\n\t\t\t\t<div class=\"elementor-element elementor-element-f59b22d elementor-widget elementor-widget-spacer\" data-id=\"f59b22d\" data-element_type=\"widget\" data-e-type=\"widget\" data-widget_type=\"spacer.default\">\n\t\t\t\t\t\t\t<div class=\"elementor-spacer\">\n\t\t\t<div class=\"elementor-spacer-inner\"><\/div>\n\t\t<\/div>\n\t\t\t\t\t\t<\/div>\n\t\t\t\t<div class=\"elementor-element elementor-element-3de0e61 elementor-widget elementor-widget-heading\" data-id=\"3de0e61\" data-element_type=\"widget\" data-e-type=\"widget\" data-widget_type=\"heading.default\">\n\t\t\t\t\t<h2 class=\"elementor-heading-title elementor-size-default\">N.\u00ba de identifica\u00e7\u00e3o fiscal (IVA) \u00a7 27 a da Lei do IVA<\/h2>\t\t\t\t<\/div>\n\t\t\t\t<div class=\"elementor-element elementor-element-60231f0 elementor-widget elementor-widget-text-editor\" data-id=\"60231f0\" data-element_type=\"widget\" data-e-type=\"widget\" data-widget_type=\"text-editor.default\">\n\t\t\t\t\t\t\t\t\t<p>DE 222 684 141<\/p>\t\t\t\t\t\t\t\t<\/div>\n\t\t\t\t<div class=\"elementor-element elementor-element-4dd0714 elementor-widget elementor-widget-spacer\" data-id=\"4dd0714\" data-element_type=\"widget\" data-e-type=\"widget\" data-widget_type=\"spacer.default\">\n\t\t\t\t\t\t\t<div class=\"elementor-spacer\">\n\t\t\t<div class=\"elementor-spacer-inner\"><\/div>\n\t\t<\/div>\n\t\t\t\t\t\t<\/div>\n\t\t\t\t<div class=\"elementor-element elementor-element-dc372c0 elementor-widget elementor-widget-heading\" data-id=\"dc372c0\" data-element_type=\"widget\" data-e-type=\"widget\" data-widget_type=\"heading.default\">\n\t\t\t\t\t<h2 class=\"elementor-heading-title elementor-size-default\">Aviso de responsabilidade<\/h2>\t\t\t\t<\/div>\n\t\t\t\t<div class=\"elementor-element elementor-element-b4a2d7c elementor-widget elementor-widget-text-editor\" data-id=\"b4a2d7c\" data-element_type=\"widget\" data-e-type=\"widget\" data-widget_type=\"text-editor.default\">\n\t\t\t\t\t\t\t\t\t<p>Apesar do controlo cuidadoso do conte\u00fado, n\u00e3o assumimos qualquer responsabilidade pelo conte\u00fado de liga\u00e7\u00f5es externas. O conte\u00fado das p\u00e1ginas ligadas \u00e9 da exclusiva responsabilidade dos respetivos operadores. <\/p>\t\t\t\t\t\t\t\t<\/div>\n\t\t\t\t<div class=\"elementor-element elementor-element-f357a85 elementor-widget elementor-widget-spacer\" data-id=\"f357a85\" data-element_type=\"widget\" data-e-type=\"widget\" data-widget_type=\"spacer.default\">\n\t\t\t\t\t\t\t<div class=\"elementor-spacer\">\n\t\t\t<div class=\"elementor-spacer-inner\"><\/div>\n\t\t<\/div>\n\t\t\t\t\t\t<\/div>\n\t\t\t\t<div class=\"elementor-element elementor-element-345d5e2 elementor-widget elementor-widget-heading\" data-id=\"345d5e2\" data-element_type=\"widget\" data-e-type=\"widget\" data-widget_type=\"heading.default\">\n\t\t\t\t\t<h2 class=\"elementor-heading-title elementor-size-default\">\u00a9 Copyright<\/h2>\t\t\t\t<\/div>\n\t\t\t\t<div class=\"elementor-element elementor-element-e889786 elementor-widget elementor-widget-text-editor\" data-id=\"e889786\" data-element_type=\"widget\" data-e-type=\"widget\" data-widget_type=\"text-editor.default\">\n\t\t\t\t\t\t\t\t\t<p>Texto e material de imagem da atlantics GmbH. A utiliza\u00e7\u00e3o n\u00e3o autorizada de textos, imagens ou outros conte\u00fados deste s\u00edtio Web n\u00e3o \u00e9 permitida. <\/p>\t\t\t\t\t\t\t\t<\/div>\n\t\t\t\t<\/div>\n\t\t<div class=\"elementor-element elementor-element-ac43a12 e-con-full e-flex e-con e-child\" data-id=\"ac43a12\" data-element_type=\"container\" data-e-type=\"container\">\n\t\t\t\t<div class=\"elementor-element elementor-element-33c23df elementor-widget elementor-widget-heading\" data-id=\"33c23df\" data-element_type=\"widget\" data-e-type=\"widget\" data-widget_type=\"heading.default\">\n\t\t\t\t\t<h2 class=\"elementor-heading-title elementor-size-default\">Resolu\u00e7\u00e3o de lit\u00edgios de consumo \/ Organismo de resolu\u00e7\u00e3o extrajudicial de lit\u00edgios<\/h2>\t\t\t\t<\/div>\n\t\t\t\t<div class=\"elementor-element elementor-element-57dc9af elementor-widget elementor-widget-text-editor\" data-id=\"57dc9af\" data-element_type=\"widget\" data-e-type=\"widget\" data-widget_type=\"text-editor.default\">\n\t\t\t\t\t\t\t\t\t<p>N\u00e3o estamos dispostos nem obrigados a participar em processos de resolu\u00e7\u00e3o de lit\u00edgios perante um organismo de resolu\u00e7\u00e3o extrajudicial de lit\u00edgios de consumo.<\/p>\t\t\t\t\t\t\t\t<\/div>\n\t\t\t\t<div class=\"elementor-element elementor-element-a665769 elementor-widget elementor-widget-spacer\" data-id=\"a665769\" data-element_type=\"widget\" data-e-type=\"widget\" data-widget_type=\"spacer.default\">\n\t\t\t\t\t\t\t<div class=\"elementor-spacer\">\n\t\t\t<div class=\"elementor-spacer-inner\"><\/div>\n\t\t<\/div>\n\t\t\t\t\t\t<\/div>\n\t\t\t\t<div class=\"elementor-element elementor-element-d4f61c8 elementor-widget elementor-widget-heading\" data-id=\"d4f61c8\" data-element_type=\"widget\" data-e-type=\"widget\" data-widget_type=\"heading.default\">\n\t\t\t\t\t<h2 class=\"elementor-heading-title elementor-size-default\">Design e implementa\u00e7\u00e3o<\/h2>\t\t\t\t<\/div>\n\t\t\t\t<div class=\"elementor-element elementor-element-cb23274 elementor-widget elementor-widget-text-editor\" data-id=\"cb23274\" data-element_type=\"widget\" data-e-type=\"widget\" data-widget_type=\"text-editor.default\">\n\t\t\t\t\t\t\t\t\t<p><a href=\"https:\/\/art-arminum.de\" target=\"_blank\" rel=\"noopener noreferrer nofollow\">Art Arminum GmbH<\/a><\/p>\t\t\t\t\t\t\t\t<\/div>\n\t\t\t\t<div class=\"elementor-element elementor-element-1868941 elementor-widget elementor-widget-spacer\" data-id=\"1868941\" data-element_type=\"widget\" data-e-type=\"widget\" data-widget_type=\"spacer.default\">\n\t\t\t\t\t\t\t<div class=\"elementor-spacer\">\n\t\t\t<div class=\"elementor-spacer-inner\"><\/div>\n\t\t<\/div>\n\t\t\t\t\t\t<\/div>\n\t\t\t\t<div class=\"elementor-element elementor-element-98e3635 elementor-widget elementor-widget-text-editor\" data-id=\"98e3635\" data-element_type=\"widget\" data-e-type=\"widget\" data-widget_type=\"text-editor.default\">\n\t\t\t\t\t\t\t\t\t<p>Todas as informa\u00e7\u00f5es sem garantia. Salvo erro ou omiss\u00e3o. <\/p>\t\t\t\t\t\t\t\t<\/div>\n\t\t\t\t<\/div>\n\t\t\t\t\t<\/div>\n\t\t\t\t<\/div>\n\t\t\t\t<\/div>\n\t\t","protected":false},"excerpt":{"rendered":"<p>Ficha t\u00e9cnica Morada atlantics GmbHDresdner Stra\u00dfe 3004720 D\u00f6beln +49 (0) 3431 60 66 0info@atlantics.dewww.atlantics.de Diretor-geral com poderes de representa\u00e7\u00e3o Thomas B\u00fcchel Respons\u00e1vel editorial Thomas B\u00fcchel Tribunal de registo e n\u00famero Amtsgericht ChemnitzHRB 118862 N.\u00ba de identifica\u00e7\u00e3o fiscal (IVA) \u00a7 27 a da Lei do IVA DE 222 684 141 Aviso de responsabilidade Apesar do controlo [&hellip;]<\/p>\n","protected":false},"author":1,"featured_media":63777,"parent":0,"menu_order":98,"comment_status":"closed","ping_status":"closed","template":"","meta":{"_acf_changed":false,"footnotes":""},"class_list":["post-63775","page","type-page","status-publish","has-post-thumbnail","hentry"],"acf":[],"yoast_head":"<!-- This site is optimized with the Yoast SEO plugin v27.3 - https:\/\/yoast.com\/product\/yoast-seo-wordpress\/ -->\n<title>Ficha t\u00e9cnica - atlantics<\/title>\n<meta name=\"description\" content=\"Todas as informa\u00e7\u00f5es legais sobre a atlantics GmbH, bem como as possibilidades de contacto, encontram-se na nossa ficha t\u00e9cnica.\" \/>\n<meta name=\"robots\" content=\"index, follow, max-snippet:-1, max-image-preview:large, max-video-preview:-1\" \/>\n<link rel=\"canonical\" href=\"https:\/\/atlantics.de\/pt-pt\/ficha-tecnica\/\" \/>\n<meta property=\"og:locale\" content=\"pt_PT\" \/>\n<meta property=\"og:type\" content=\"article\" \/>\n<meta property=\"og:title\" content=\"Ficha t\u00e9cnica - atlantics\" \/>\n<meta property=\"og:description\" content=\"Todas as informa\u00e7\u00f5es legais sobre a atlantics GmbH, bem como as possibilidades de contacto, encontram-se na nossa ficha t\u00e9cnica.\" \/>\n<meta property=\"og:url\" content=\"https:\/\/atlantics.de\/pt-pt\/ficha-tecnica\/\" \/>\n<meta property=\"og:site_name\" content=\"atlantics\" \/>\n<meta property=\"article:modified_time\" content=\"2026-03-13T13:32:07+00:00\" \/>\n<meta property=\"og:image\" content=\"https:\/\/atlantics.de\/wp-content\/uploads\/2025\/09\/Impressum-edelstahl-scaled.jpg\" \/>\n\t<meta property=\"og:image:width\" content=\"2560\" \/>\n\t<meta property=\"og:image:height\" content=\"847\" \/>\n\t<meta property=\"og:image:type\" content=\"image\/jpeg\" \/>\n<meta name=\"twitter:card\" content=\"summary_large_image\" \/>\n<meta name=\"twitter:label1\" content=\"Tempo estimado de leitura\" \/>\n\t<meta name=\"twitter:data1\" content=\"1 minuto\" \/>\n<script type=\"application\/ld+json\" class=\"yoast-schema-graph\">{\"@context\":\"https:\\\/\\\/schema.org\",\"@graph\":[{\"@type\":\"WebPage\",\"@id\":\"https:\\\/\\\/atlantics.de\\\/pt-pt\\\/ficha-tecnica\\\/\",\"url\":\"https:\\\/\\\/atlantics.de\\\/pt-pt\\\/ficha-tecnica\\\/\",\"name\":\"Ficha t\u00e9cnica - atlantics\",\"isPartOf\":{\"@id\":\"https:\\\/\\\/atlantics.de\\\/pt-pt\\\/#website\"},\"primaryImageOfPage\":{\"@id\":\"https:\\\/\\\/atlantics.de\\\/pt-pt\\\/ficha-tecnica\\\/#primaryimage\"},\"image\":{\"@id\":\"https:\\\/\\\/atlantics.de\\\/pt-pt\\\/ficha-tecnica\\\/#primaryimage\"},\"thumbnailUrl\":\"https:\\\/\\\/atlantics.de\\\/wp-content\\\/uploads\\\/2025\\\/09\\\/Impressum-edelstahl-scaled.jpg\",\"datePublished\":\"2025-07-03T08:33:13+00:00\",\"dateModified\":\"2026-03-13T13:32:07+00:00\",\"description\":\"Todas as informa\u00e7\u00f5es legais sobre a atlantics GmbH, bem como as possibilidades de contacto, encontram-se na nossa ficha t\u00e9cnica.\",\"breadcrumb\":{\"@id\":\"https:\\\/\\\/atlantics.de\\\/pt-pt\\\/ficha-tecnica\\\/#breadcrumb\"},\"inLanguage\":\"pt-PT\",\"potentialAction\":[{\"@type\":\"ReadAction\",\"target\":[\"https:\\\/\\\/atlantics.de\\\/pt-pt\\\/ficha-tecnica\\\/\"]}]},{\"@type\":\"ImageObject\",\"inLanguage\":\"pt-PT\",\"@id\":\"https:\\\/\\\/atlantics.de\\\/pt-pt\\\/ficha-tecnica\\\/#primaryimage\",\"url\":\"https:\\\/\\\/atlantics.de\\\/wp-content\\\/uploads\\\/2025\\\/09\\\/Impressum-edelstahl-scaled.jpg\",\"contentUrl\":\"https:\\\/\\\/atlantics.de\\\/wp-content\\\/uploads\\\/2025\\\/09\\\/Impressum-edelstahl-scaled.jpg\",\"width\":2560,\"height\":847},{\"@type\":\"BreadcrumbList\",\"@id\":\"https:\\\/\\\/atlantics.de\\\/pt-pt\\\/ficha-tecnica\\\/#breadcrumb\",\"itemListElement\":[{\"@type\":\"ListItem\",\"position\":1,\"name\":\"Startseite\",\"item\":\"https:\\\/\\\/atlantics.de\\\/pt-pt\\\/\"},{\"@type\":\"ListItem\",\"position\":2,\"name\":\"Ficha t\u00e9cnica\"}]},{\"@type\":\"WebSite\",\"@id\":\"https:\\\/\\\/atlantics.de\\\/pt-pt\\\/#website\",\"url\":\"https:\\\/\\\/atlantics.de\\\/pt-pt\\\/\",\"name\":\"atlantics\",\"description\":\"Manufaktur f\u00fcr Edelstahlrutschen\",\"potentialAction\":[{\"@type\":\"SearchAction\",\"target\":{\"@type\":\"EntryPoint\",\"urlTemplate\":\"https:\\\/\\\/atlantics.de\\\/pt-pt\\\/?s={search_term_string}\"},\"query-input\":{\"@type\":\"PropertyValueSpecification\",\"valueRequired\":true,\"valueName\":\"search_term_string\"}}],\"inLanguage\":\"pt-PT\"}]}<\/script>\n<!-- \/ Yoast SEO plugin. -->","yoast_head_json":{"title":"Ficha t\u00e9cnica - atlantics","description":"Todas as informa\u00e7\u00f5es legais sobre a atlantics GmbH, bem como as possibilidades de contacto, encontram-se na nossa ficha t\u00e9cnica.","robots":{"index":"index","follow":"follow","max-snippet":"max-snippet:-1","max-image-preview":"max-image-preview:large","max-video-preview":"max-video-preview:-1"},"canonical":"https:\/\/atlantics.de\/pt-pt\/ficha-tecnica\/","og_locale":"pt_PT","og_type":"article","og_title":"Ficha t\u00e9cnica - atlantics","og_description":"Todas as informa\u00e7\u00f5es legais sobre a atlantics GmbH, bem como as possibilidades de contacto, encontram-se na nossa ficha t\u00e9cnica.","og_url":"https:\/\/atlantics.de\/pt-pt\/ficha-tecnica\/","og_site_name":"atlantics","article_modified_time":"2026-03-13T13:32:07+00:00","og_image":[{"width":2560,"height":847,"url":"https:\/\/atlantics.de\/wp-content\/uploads\/2025\/09\/Impressum-edelstahl-scaled.jpg","type":"image\/jpeg"}],"twitter_card":"summary_large_image","twitter_misc":{"Tempo estimado de leitura":"1 minuto"},"schema":{"@context":"https:\/\/schema.org","@graph":[{"@type":"WebPage","@id":"https:\/\/atlantics.de\/pt-pt\/ficha-tecnica\/","url":"https:\/\/atlantics.de\/pt-pt\/ficha-tecnica\/","name":"Ficha t\u00e9cnica - atlantics","isPartOf":{"@id":"https:\/\/atlantics.de\/pt-pt\/#website"},"primaryImageOfPage":{"@id":"https:\/\/atlantics.de\/pt-pt\/ficha-tecnica\/#primaryimage"},"image":{"@id":"https:\/\/atlantics.de\/pt-pt\/ficha-tecnica\/#primaryimage"},"thumbnailUrl":"https:\/\/atlantics.de\/wp-content\/uploads\/2025\/09\/Impressum-edelstahl-scaled.jpg","datePublished":"2025-07-03T08:33:13+00:00","dateModified":"2026-03-13T13:32:07+00:00","description":"Todas as informa\u00e7\u00f5es legais sobre a atlantics GmbH, bem como as possibilidades de contacto, encontram-se na nossa ficha t\u00e9cnica.","breadcrumb":{"@id":"https:\/\/atlantics.de\/pt-pt\/ficha-tecnica\/#breadcrumb"},"inLanguage":"pt-PT","potentialAction":[{"@type":"ReadAction","target":["https:\/\/atlantics.de\/pt-pt\/ficha-tecnica\/"]}]},{"@type":"ImageObject","inLanguage":"pt-PT","@id":"https:\/\/atlantics.de\/pt-pt\/ficha-tecnica\/#primaryimage","url":"https:\/\/atlantics.de\/wp-content\/uploads\/2025\/09\/Impressum-edelstahl-scaled.jpg","contentUrl":"https:\/\/atlantics.de\/wp-content\/uploads\/2025\/09\/Impressum-edelstahl-scaled.jpg","width":2560,"height":847},{"@type":"BreadcrumbList","@id":"https:\/\/atlantics.de\/pt-pt\/ficha-tecnica\/#breadcrumb","itemListElement":[{"@type":"ListItem","position":1,"name":"Startseite","item":"https:\/\/atlantics.de\/pt-pt\/"},{"@type":"ListItem","position":2,"name":"Ficha t\u00e9cnica"}]},{"@type":"WebSite","@id":"https:\/\/atlantics.de\/pt-pt\/#website","url":"https:\/\/atlantics.de\/pt-pt\/","name":"atlantics","description":"Manufaktur f\u00fcr Edelstahlrutschen","potentialAction":[{"@type":"SearchAction","target":{"@type":"EntryPoint","urlTemplate":"https:\/\/atlantics.de\/pt-pt\/?s={search_term_string}"},"query-input":{"@type":"PropertyValueSpecification","valueRequired":true,"valueName":"search_term_string"}}],"inLanguage":"pt-PT"}]}},"_links":{"self":[{"href":"https:\/\/atlantics.de\/pt-pt\/wp-json\/wp\/v2\/pages\/63775","targetHints":{"allow":["GET"]}}],"collection":[{"href":"https:\/\/atlantics.de\/pt-pt\/wp-json\/wp\/v2\/pages"}],"about":[{"href":"https:\/\/atlantics.de\/pt-pt\/wp-json\/wp\/v2\/types\/page"}],"author":[{"embeddable":true,"href":"https:\/\/atlantics.de\/pt-pt\/wp-json\/wp\/v2\/users\/1"}],"replies":[{"embeddable":true,"href":"https:\/\/atlantics.de\/pt-pt\/wp-json\/wp\/v2\/comments?post=63775"}],"version-history":[{"count":0,"href":"https:\/\/atlantics.de\/pt-pt\/wp-json\/wp\/v2\/pages\/63775\/revisions"}],"wp:featuredmedia":[{"embeddable":true,"href":"https:\/\/atlantics.de\/pt-pt\/wp-json\/wp\/v2\/media\/63777"}],"wp:attachment":[{"href":"https:\/\/atlantics.de\/pt-pt\/wp-json\/wp\/v2\/media?parent=63775"}],"curies":[{"name":"wp","href":"https:\/\/api.w.org\/{rel}","templated":true}]}}