{"id":41173,"date":"2025-07-03T10:33:13","date_gmt":"2025-07-03T08:33:13","guid":{"rendered":"https:\/\/atlantics.de\/imprint\/"},"modified":"2026-03-09T09:41:53","modified_gmt":"2026-03-09T08:41:53","slug":"imprint","status":"publish","type":"page","link":"https:\/\/atlantics.de\/en\/imprint\/","title":{"rendered":"Imprint"},"content":{"rendered":"\t\t<div data-elementor-type=\"wp-page\" data-elementor-id=\"41173\" class=\"elementor elementor-41173 elementor-16\" data-elementor-post-type=\"page\">\n\t\t\t\t<div class=\"elementor-element elementor-element-2d46d6c e-flex e-con-boxed e-con e-parent\" data-id=\"2d46d6c\" data-element_type=\"container\" data-e-type=\"container\" data-settings=\"{&quot;background_background&quot;:&quot;classic&quot;}\">\n\t\t\t\t\t<div class=\"e-con-inner\">\n\t\t\t\t<div class=\"elementor-element elementor-element-5c548d7 elementor-widget elementor-widget-heading\" data-id=\"5c548d7\" data-element_type=\"widget\" data-e-type=\"widget\" data-widget_type=\"heading.default\">\n\t\t\t\t\t<h1 class=\"elementor-heading-title elementor-size-default\">Imprint<\/h1>\t\t\t\t<\/div>\n\t\t\t\t\t<\/div>\n\t\t\t\t<\/div>\n\t\t<div class=\"elementor-element elementor-element-948c310 e-grid e-con-boxed e-con e-parent\" data-id=\"948c310\" data-element_type=\"container\" data-e-type=\"container\">\n\t\t\t\t\t<div class=\"e-con-inner\">\n\t\t<div class=\"elementor-element elementor-element-be10f47 e-con-full e-flex e-con e-child\" data-id=\"be10f47\" data-element_type=\"container\" data-e-type=\"container\">\n\t\t\t\t<div class=\"elementor-element elementor-element-8ce7446 elementor-widget elementor-widget-heading\" data-id=\"8ce7446\" data-element_type=\"widget\" data-e-type=\"widget\" data-widget_type=\"heading.default\">\n\t\t\t\t\t<h2 class=\"elementor-heading-title elementor-size-default\">Address<\/h2>\t\t\t\t<\/div>\n\t\t\t\t<div class=\"elementor-element elementor-element-8178243 elementor-widget elementor-widget-text-editor\" data-id=\"8178243\" data-element_type=\"widget\" data-e-type=\"widget\" data-widget_type=\"text-editor.default\">\n\t\t\t\t\t\t\t\t\t<p>atlantics GmbH<br>Dresdner Stra\u00dfe 30<br>04720 D\u00f6beln<\/p><p>+49 (0) 3431 60 66 0<br>info@atlantics.de<br>www.atlantics.de<\/p>\t\t\t\t\t\t\t\t<\/div>\n\t\t\t\t<\/div>\n\t\t<div class=\"elementor-element elementor-element-52b904b e-con-full e-flex e-con e-child\" data-id=\"52b904b\" data-element_type=\"container\" data-e-type=\"container\">\n\t\t\t\t<div class=\"elementor-element elementor-element-0383b77 elementor-widget elementor-widget-heading\" data-id=\"0383b77\" data-element_type=\"widget\" data-e-type=\"widget\" data-widget_type=\"heading.default\">\n\t\t\t\t\t<h2 class=\"elementor-heading-title elementor-size-default\">Authorized Managing Director<\/h2>\t\t\t\t<\/div>\n\t\t\t\t<div class=\"elementor-element elementor-element-430b514 elementor-widget elementor-widget-text-editor\" data-id=\"430b514\" data-element_type=\"widget\" data-e-type=\"widget\" data-widget_type=\"text-editor.default\">\n\t\t\t\t\t\t\t\t\t<p>Thomas B\u00fcchel<\/p>\t\t\t\t\t\t\t\t<\/div>\n\t\t\t\t<div class=\"elementor-element elementor-element-ae591e3 elementor-widget elementor-widget-spacer\" data-id=\"ae591e3\" data-element_type=\"widget\" data-e-type=\"widget\" data-widget_type=\"spacer.default\">\n\t\t\t\t\t\t\t<div class=\"elementor-spacer\">\n\t\t\t<div class=\"elementor-spacer-inner\"><\/div>\n\t\t<\/div>\n\t\t\t\t\t\t<\/div>\n\t\t\t\t<div class=\"elementor-element elementor-element-2ddf35f elementor-widget elementor-widget-heading\" data-id=\"2ddf35f\" data-element_type=\"widget\" data-e-type=\"widget\" data-widget_type=\"heading.default\">\n\t\t\t\t\t<h2 class=\"elementor-heading-title elementor-size-default\">Responsible for Editorial Content<\/h2>\t\t\t\t<\/div>\n\t\t\t\t<div class=\"elementor-element elementor-element-7880c52 elementor-widget elementor-widget-text-editor\" data-id=\"7880c52\" data-element_type=\"widget\" data-e-type=\"widget\" data-widget_type=\"text-editor.default\">\n\t\t\t\t\t\t\t\t\t<p>Thomas B\u00fcchel<\/p>\t\t\t\t\t\t\t\t<\/div>\n\t\t\t\t<div class=\"elementor-element elementor-element-02eca82 elementor-widget elementor-widget-spacer\" data-id=\"02eca82\" data-element_type=\"widget\" data-e-type=\"widget\" data-widget_type=\"spacer.default\">\n\t\t\t\t\t\t\t<div class=\"elementor-spacer\">\n\t\t\t<div class=\"elementor-spacer-inner\"><\/div>\n\t\t<\/div>\n\t\t\t\t\t\t<\/div>\n\t\t\t\t<div class=\"elementor-element elementor-element-df3957d elementor-widget elementor-widget-heading\" data-id=\"df3957d\" data-element_type=\"widget\" data-e-type=\"widget\" data-widget_type=\"heading.default\">\n\t\t\t\t\t<h2 class=\"elementor-heading-title elementor-size-default\">Commercial Register and Number<\/h2>\t\t\t\t<\/div>\n\t\t\t\t<div class=\"elementor-element elementor-element-b572d2a elementor-widget elementor-widget-text-editor\" data-id=\"b572d2a\" data-element_type=\"widget\" data-e-type=\"widget\" data-widget_type=\"text-editor.default\">\n\t\t\t\t\t\t\t\t\t<p>District Court Chemnitz<br>HRB 118862<\/p>\t\t\t\t\t\t\t\t<\/div>\n\t\t\t\t<div class=\"elementor-element elementor-element-f59b22d elementor-widget elementor-widget-spacer\" data-id=\"f59b22d\" data-element_type=\"widget\" data-e-type=\"widget\" data-widget_type=\"spacer.default\">\n\t\t\t\t\t\t\t<div class=\"elementor-spacer\">\n\t\t\t<div class=\"elementor-spacer-inner\"><\/div>\n\t\t<\/div>\n\t\t\t\t\t\t<\/div>\n\t\t\t\t<div class=\"elementor-element elementor-element-3de0e61 elementor-widget elementor-widget-heading\" data-id=\"3de0e61\" data-element_type=\"widget\" data-e-type=\"widget\" data-widget_type=\"heading.default\">\n\t\t\t\t\t<h2 class=\"elementor-heading-title elementor-size-default\">VAT Identification Number pursuant to \u00a7 27a German VAT Act<\/h2>\t\t\t\t<\/div>\n\t\t\t\t<div class=\"elementor-element elementor-element-60231f0 elementor-widget elementor-widget-text-editor\" data-id=\"60231f0\" data-element_type=\"widget\" data-e-type=\"widget\" data-widget_type=\"text-editor.default\">\n\t\t\t\t\t\t\t\t\t<p>DE 222 684 141<\/p>\t\t\t\t\t\t\t\t<\/div>\n\t\t\t\t<div class=\"elementor-element elementor-element-4dd0714 elementor-widget elementor-widget-spacer\" data-id=\"4dd0714\" data-element_type=\"widget\" data-e-type=\"widget\" data-widget_type=\"spacer.default\">\n\t\t\t\t\t\t\t<div class=\"elementor-spacer\">\n\t\t\t<div class=\"elementor-spacer-inner\"><\/div>\n\t\t<\/div>\n\t\t\t\t\t\t<\/div>\n\t\t\t\t<div class=\"elementor-element elementor-element-dc372c0 elementor-widget elementor-widget-heading\" data-id=\"dc372c0\" data-element_type=\"widget\" data-e-type=\"widget\" data-widget_type=\"heading.default\">\n\t\t\t\t\t<h2 class=\"elementor-heading-title elementor-size-default\">Disclaimer of Liability<\/h2>\t\t\t\t<\/div>\n\t\t\t\t<div class=\"elementor-element elementor-element-b4a2d7c elementor-widget elementor-widget-text-editor\" data-id=\"b4a2d7c\" data-element_type=\"widget\" data-e-type=\"widget\" data-widget_type=\"text-editor.default\">\n\t\t\t\t\t\t\t\t\t<p>Despite careful content control, we assume no liability for the content of external links. The operators of the linked pages are solely responsible for their content. <\/p>\t\t\t\t\t\t\t\t<\/div>\n\t\t\t\t<div class=\"elementor-element elementor-element-f357a85 elementor-widget elementor-widget-spacer\" data-id=\"f357a85\" data-element_type=\"widget\" data-e-type=\"widget\" data-widget_type=\"spacer.default\">\n\t\t\t\t\t\t\t<div class=\"elementor-spacer\">\n\t\t\t<div class=\"elementor-spacer-inner\"><\/div>\n\t\t<\/div>\n\t\t\t\t\t\t<\/div>\n\t\t\t\t<div class=\"elementor-element elementor-element-345d5e2 elementor-widget elementor-widget-heading\" data-id=\"345d5e2\" data-element_type=\"widget\" data-e-type=\"widget\" data-widget_type=\"heading.default\">\n\t\t\t\t\t<h2 class=\"elementor-heading-title elementor-size-default\">\u00a9 Copyright<\/h2>\t\t\t\t<\/div>\n\t\t\t\t<div class=\"elementor-element elementor-element-e889786 elementor-widget elementor-widget-text-editor\" data-id=\"e889786\" data-element_type=\"widget\" data-e-type=\"widget\" data-widget_type=\"text-editor.default\">\n\t\t\t\t\t\t\t\t\t<p>Text and images by atlantics GmbH. Unauthorized use of texts, images, or other content from this website is not permitted.<\/p>\t\t\t\t\t\t\t\t<\/div>\n\t\t\t\t<\/div>\n\t\t<div class=\"elementor-element elementor-element-ac43a12 e-con-full e-flex e-con e-child\" data-id=\"ac43a12\" data-element_type=\"container\" data-e-type=\"container\">\n\t\t\t\t<div class=\"elementor-element elementor-element-33c23df elementor-widget elementor-widget-heading\" data-id=\"33c23df\" data-element_type=\"widget\" data-e-type=\"widget\" data-widget_type=\"heading.default\">\n\t\t\t\t\t<h2 class=\"elementor-heading-title elementor-size-default\">Consumer Dispute Resolution \/ Universal Arbitration Board<\/h2>\t\t\t\t<\/div>\n\t\t\t\t<div class=\"elementor-element elementor-element-57dc9af elementor-widget elementor-widget-text-editor\" data-id=\"57dc9af\" data-element_type=\"widget\" data-e-type=\"widget\" data-widget_type=\"text-editor.default\">\n\t\t\t\t\t\t\t\t\t<p>We are neither willing nor obliged to participate in dispute resolution proceedings before a consumer arbitration board.<\/p>\t\t\t\t\t\t\t\t<\/div>\n\t\t\t\t<div class=\"elementor-element elementor-element-a665769 elementor-widget elementor-widget-spacer\" data-id=\"a665769\" data-element_type=\"widget\" data-e-type=\"widget\" data-widget_type=\"spacer.default\">\n\t\t\t\t\t\t\t<div class=\"elementor-spacer\">\n\t\t\t<div class=\"elementor-spacer-inner\"><\/div>\n\t\t<\/div>\n\t\t\t\t\t\t<\/div>\n\t\t\t\t<div class=\"elementor-element elementor-element-d4f61c8 elementor-widget elementor-widget-heading\" data-id=\"d4f61c8\" data-element_type=\"widget\" data-e-type=\"widget\" data-widget_type=\"heading.default\">\n\t\t\t\t\t<h2 class=\"elementor-heading-title elementor-size-default\">Design &amp; Implementation<\/h2>\t\t\t\t<\/div>\n\t\t\t\t<div class=\"elementor-element elementor-element-cb23274 elementor-widget elementor-widget-text-editor\" data-id=\"cb23274\" data-element_type=\"widget\" data-e-type=\"widget\" data-widget_type=\"text-editor.default\">\n\t\t\t\t\t\t\t\t\t<p><a href=\"https:\/\/art-arminum.de\" target=\"_blank\" rel=\"noopener noreferrer nofollow\">Art Arminum GmbH<\/a><\/p>\t\t\t\t\t\t\t\t<\/div>\n\t\t\t\t<div class=\"elementor-element elementor-element-1868941 elementor-widget elementor-widget-spacer\" data-id=\"1868941\" data-element_type=\"widget\" data-e-type=\"widget\" data-widget_type=\"spacer.default\">\n\t\t\t\t\t\t\t<div class=\"elementor-spacer\">\n\t\t\t<div class=\"elementor-spacer-inner\"><\/div>\n\t\t<\/div>\n\t\t\t\t\t\t<\/div>\n\t\t\t\t<div class=\"elementor-element elementor-element-98e3635 elementor-widget elementor-widget-text-editor\" data-id=\"98e3635\" data-element_type=\"widget\" data-e-type=\"widget\" data-widget_type=\"text-editor.default\">\n\t\t\t\t\t\t\t\t\t<p>All information provided without guarantee. Subject to errors. <\/p>\t\t\t\t\t\t\t\t<\/div>\n\t\t\t\t<\/div>\n\t\t\t\t\t<\/div>\n\t\t\t\t<\/div>\n\t\t\t\t<\/div>\n\t\t","protected":false},"excerpt":{"rendered":"<p>Imprint Address atlantics GmbHDresdner Stra\u00dfe 3004720 D\u00f6beln +49 (0) 3431 60 66 0info@atlantics.dewww.atlantics.de Authorized Managing Director Thomas B\u00fcchel Responsible for Editorial Content Thomas B\u00fcchel Commercial Register and Number District Court ChemnitzHRB 118862 VAT Identification Number pursuant to \u00a7 27a German VAT Act DE 222 684 141 Disclaimer of Liability Despite careful content control, we assume [&hellip;]<\/p>\n","protected":false},"author":1,"featured_media":41175,"parent":0,"menu_order":98,"comment_status":"closed","ping_status":"closed","template":"","meta":{"_acf_changed":false,"footnotes":""},"class_list":["post-41173","page","type-page","status-publish","has-post-thumbnail","hentry"],"acf":[],"yoast_head":"<!-- This site is optimized with the Yoast SEO plugin v27.3 - https:\/\/yoast.com\/product\/yoast-seo-wordpress\/ -->\n<title>Imprint - atlantics<\/title>\n<meta name=\"description\" content=\"All legal information about atlantics GmbH as well as contact options can be found in our imprint.\" \/>\n<meta name=\"robots\" content=\"index, follow, max-snippet:-1, max-image-preview:large, max-video-preview:-1\" \/>\n<link rel=\"canonical\" href=\"https:\/\/atlantics.de\/en\/imprint\/\" \/>\n<meta property=\"og:locale\" content=\"en_US\" \/>\n<meta property=\"og:type\" content=\"article\" \/>\n<meta property=\"og:title\" content=\"Imprint - atlantics\" \/>\n<meta property=\"og:description\" content=\"All legal information about atlantics GmbH as well as contact options can be found in our imprint.\" \/>\n<meta property=\"og:url\" content=\"https:\/\/atlantics.de\/en\/imprint\/\" \/>\n<meta property=\"og:site_name\" content=\"atlantics\" \/>\n<meta property=\"article:modified_time\" content=\"2026-03-09T08:41:53+00:00\" \/>\n<meta property=\"og:image\" content=\"https:\/\/atlantics.de\/wp-content\/uploads\/2025\/09\/Impressum-edelstahl-scaled.jpg\" \/>\n\t<meta property=\"og:image:width\" content=\"2560\" \/>\n\t<meta property=\"og:image:height\" content=\"847\" \/>\n\t<meta property=\"og:image:type\" content=\"image\/jpeg\" \/>\n<meta name=\"twitter:card\" content=\"summary_large_image\" \/>\n<meta name=\"twitter:label1\" content=\"Est. reading time\" \/>\n\t<meta name=\"twitter:data1\" content=\"1 minute\" \/>\n<script type=\"application\/ld+json\" class=\"yoast-schema-graph\">{\"@context\":\"https:\\\/\\\/schema.org\",\"@graph\":[{\"@type\":\"WebPage\",\"@id\":\"https:\\\/\\\/atlantics.de\\\/en\\\/imprint\\\/\",\"url\":\"https:\\\/\\\/atlantics.de\\\/en\\\/imprint\\\/\",\"name\":\"Imprint - atlantics\",\"isPartOf\":{\"@id\":\"https:\\\/\\\/atlantics.de\\\/en\\\/#website\"},\"primaryImageOfPage\":{\"@id\":\"https:\\\/\\\/atlantics.de\\\/en\\\/imprint\\\/#primaryimage\"},\"image\":{\"@id\":\"https:\\\/\\\/atlantics.de\\\/en\\\/imprint\\\/#primaryimage\"},\"thumbnailUrl\":\"https:\\\/\\\/atlantics.de\\\/wp-content\\\/uploads\\\/2025\\\/09\\\/Impressum-edelstahl-scaled.jpg\",\"datePublished\":\"2025-07-03T08:33:13+00:00\",\"dateModified\":\"2026-03-09T08:41:53+00:00\",\"description\":\"All legal information about atlantics GmbH as well as contact options can be found in our imprint.\",\"breadcrumb\":{\"@id\":\"https:\\\/\\\/atlantics.de\\\/en\\\/imprint\\\/#breadcrumb\"},\"inLanguage\":\"en-US\",\"potentialAction\":[{\"@type\":\"ReadAction\",\"target\":[\"https:\\\/\\\/atlantics.de\\\/en\\\/imprint\\\/\"]}]},{\"@type\":\"ImageObject\",\"inLanguage\":\"en-US\",\"@id\":\"https:\\\/\\\/atlantics.de\\\/en\\\/imprint\\\/#primaryimage\",\"url\":\"https:\\\/\\\/atlantics.de\\\/wp-content\\\/uploads\\\/2025\\\/09\\\/Impressum-edelstahl-scaled.jpg\",\"contentUrl\":\"https:\\\/\\\/atlantics.de\\\/wp-content\\\/uploads\\\/2025\\\/09\\\/Impressum-edelstahl-scaled.jpg\",\"width\":2560,\"height\":847},{\"@type\":\"BreadcrumbList\",\"@id\":\"https:\\\/\\\/atlantics.de\\\/en\\\/imprint\\\/#breadcrumb\",\"itemListElement\":[{\"@type\":\"ListItem\",\"position\":1,\"name\":\"Startseite\",\"item\":\"https:\\\/\\\/atlantics.de\\\/en\\\/homepage\\\/\"},{\"@type\":\"ListItem\",\"position\":2,\"name\":\"Imprint\"}]},{\"@type\":\"WebSite\",\"@id\":\"https:\\\/\\\/atlantics.de\\\/en\\\/#website\",\"url\":\"https:\\\/\\\/atlantics.de\\\/en\\\/\",\"name\":\"atlantics\",\"description\":\"Manufaktur f\u00fcr Edelstahlrutschen\",\"potentialAction\":[{\"@type\":\"SearchAction\",\"target\":{\"@type\":\"EntryPoint\",\"urlTemplate\":\"https:\\\/\\\/atlantics.de\\\/en\\\/?s={search_term_string}\"},\"query-input\":{\"@type\":\"PropertyValueSpecification\",\"valueRequired\":true,\"valueName\":\"search_term_string\"}}],\"inLanguage\":\"en-US\"}]}<\/script>\n<!-- \/ Yoast SEO plugin. -->","yoast_head_json":{"title":"Imprint - atlantics","description":"All legal information about atlantics GmbH as well as contact options can be found in our imprint.","robots":{"index":"index","follow":"follow","max-snippet":"max-snippet:-1","max-image-preview":"max-image-preview:large","max-video-preview":"max-video-preview:-1"},"canonical":"https:\/\/atlantics.de\/en\/imprint\/","og_locale":"en_US","og_type":"article","og_title":"Imprint - atlantics","og_description":"All legal information about atlantics GmbH as well as contact options can be found in our imprint.","og_url":"https:\/\/atlantics.de\/en\/imprint\/","og_site_name":"atlantics","article_modified_time":"2026-03-09T08:41:53+00:00","og_image":[{"width":2560,"height":847,"url":"https:\/\/atlantics.de\/wp-content\/uploads\/2025\/09\/Impressum-edelstahl-scaled.jpg","type":"image\/jpeg"}],"twitter_card":"summary_large_image","twitter_misc":{"Est. reading time":"1 minute"},"schema":{"@context":"https:\/\/schema.org","@graph":[{"@type":"WebPage","@id":"https:\/\/atlantics.de\/en\/imprint\/","url":"https:\/\/atlantics.de\/en\/imprint\/","name":"Imprint - atlantics","isPartOf":{"@id":"https:\/\/atlantics.de\/en\/#website"},"primaryImageOfPage":{"@id":"https:\/\/atlantics.de\/en\/imprint\/#primaryimage"},"image":{"@id":"https:\/\/atlantics.de\/en\/imprint\/#primaryimage"},"thumbnailUrl":"https:\/\/atlantics.de\/wp-content\/uploads\/2025\/09\/Impressum-edelstahl-scaled.jpg","datePublished":"2025-07-03T08:33:13+00:00","dateModified":"2026-03-09T08:41:53+00:00","description":"All legal information about atlantics GmbH as well as contact options can be found in our imprint.","breadcrumb":{"@id":"https:\/\/atlantics.de\/en\/imprint\/#breadcrumb"},"inLanguage":"en-US","potentialAction":[{"@type":"ReadAction","target":["https:\/\/atlantics.de\/en\/imprint\/"]}]},{"@type":"ImageObject","inLanguage":"en-US","@id":"https:\/\/atlantics.de\/en\/imprint\/#primaryimage","url":"https:\/\/atlantics.de\/wp-content\/uploads\/2025\/09\/Impressum-edelstahl-scaled.jpg","contentUrl":"https:\/\/atlantics.de\/wp-content\/uploads\/2025\/09\/Impressum-edelstahl-scaled.jpg","width":2560,"height":847},{"@type":"BreadcrumbList","@id":"https:\/\/atlantics.de\/en\/imprint\/#breadcrumb","itemListElement":[{"@type":"ListItem","position":1,"name":"Startseite","item":"https:\/\/atlantics.de\/en\/homepage\/"},{"@type":"ListItem","position":2,"name":"Imprint"}]},{"@type":"WebSite","@id":"https:\/\/atlantics.de\/en\/#website","url":"https:\/\/atlantics.de\/en\/","name":"atlantics","description":"Manufaktur f\u00fcr Edelstahlrutschen","potentialAction":[{"@type":"SearchAction","target":{"@type":"EntryPoint","urlTemplate":"https:\/\/atlantics.de\/en\/?s={search_term_string}"},"query-input":{"@type":"PropertyValueSpecification","valueRequired":true,"valueName":"search_term_string"}}],"inLanguage":"en-US"}]}},"_links":{"self":[{"href":"https:\/\/atlantics.de\/en\/wp-json\/wp\/v2\/pages\/41173","targetHints":{"allow":["GET"]}}],"collection":[{"href":"https:\/\/atlantics.de\/en\/wp-json\/wp\/v2\/pages"}],"about":[{"href":"https:\/\/atlantics.de\/en\/wp-json\/wp\/v2\/types\/page"}],"author":[{"embeddable":true,"href":"https:\/\/atlantics.de\/en\/wp-json\/wp\/v2\/users\/1"}],"replies":[{"embeddable":true,"href":"https:\/\/atlantics.de\/en\/wp-json\/wp\/v2\/comments?post=41173"}],"version-history":[{"count":0,"href":"https:\/\/atlantics.de\/en\/wp-json\/wp\/v2\/pages\/41173\/revisions"}],"wp:featuredmedia":[{"embeddable":true,"href":"https:\/\/atlantics.de\/en\/wp-json\/wp\/v2\/media\/41175"}],"wp:attachment":[{"href":"https:\/\/atlantics.de\/en\/wp-json\/wp\/v2\/media?parent=41173"}],"curies":[{"name":"wp","href":"https:\/\/api.w.org\/{rel}","templated":true}]}}